{"id":170,"date":"2017-01-12T19:05:56","date_gmt":"2017-01-12T18:05:56","guid":{"rendered":"http:\/\/www.torneosanlazzaro.it\/?page_id=170"},"modified":"2019-12-23T09:24:10","modified_gmt":"2019-12-23T08:24:10","slug":"regolamento-torneo","status":"publish","type":"page","link":"https:\/\/www.torneosanlazzaro.it\/index.php\/regolamento-torneo\/","title":{"rendered":"Regolamento Torneo"},"content":{"rendered":"<ul>\n<li>Il Torneo avr\u00e0 luogo da Luned\u00ec 4 Maggio a Sabato 27 Giugno. Il torneo \u00e8 composto da due parti: i gironi regolari e il cucchiaio di legno; entrambi contano posti limitati. La quota d\u2019iscrizione a squadra \u00e8 di 160\u20ac, esclusi 40\u20ac di cauzione, da consegnare al momento dell\u2019iscrizione con il Modulo Iscrizione compilato. La copertura assicurativa \u00e8 compresa nella quota. Il termine ultimo per iscriversi \u00e8 Domenica 19 Aprile.<\/li>\n<li>Prima dell\u2019inizio del Torneo si terranno i sorteggi della prima e della seconda fase.<\/li>\n<li>Il Modulo Iscrizione andr\u00e0 compilato dal responsabile in ogni sua parte. La firma del documento comporta la sua completa accettazione da parte di tutti i membri della squadra. Nel caso la squadra sia composta interamente da minori di 18 anni, il responsabile dovr\u00e0 essere una persona che detiene la responsabilit\u00e0 genitoriale di uno dei ragazzi.<\/li>\n<li>Per poter giocare, tutti i minori di 18 anni devono consegnare allo staff l\u2019apposito modulo di consenso alla partecipazione al Torneo, compilato e firmato da chi detiene la responsabilit\u00e0 genitoriale.<\/li>\n<li>Ogni squadra dovr\u00e0 consegnare il modulo della distinta entro la prima gara in programma nella prima fase, pena una sconfitta a tavolino per 6-0 nella prima gara in programma.<\/li>\n<li>La distinta con l&#8217;elenco dei giocatori pu\u00f2 contenere un massimo di 10 nominativi. Nel caso in cui una squadra segni 9 giocatori, potr\u00e0 aggiungerne un altro durante il Torneo, purch\u00e9 venga segnalato agli organizzatori almeno 24 ore prima della gara successiva e non sia inserito nella distinta di un&#8217;altra squadra iscritta. Le informazioni necessarie sono: nome, cognome e data di nascita. Al termine della prima fase, le squadre classificate per la seconda fase potranno effettuare massimo 2 cambiamenti in distinta, mantenendo per\u00f2 il limite a 10 giocatori. Non si possono inserire in distinta giocatori che hanno partecipato alla prima fase in un&#8217;altra squadra. Tali cambiamenti devono essere comunicati agli organizzatori almeno 24 ore prima dell&#8217;inizio della seconda fase. Oltre ai 10 giocatori, ogni squadra avr\u00e0 la possibilit\u00e0 di aggiungere un secondo portiere nel caso il primo sia impossibilitato a giocare, sempre segnalando il nominativo 24 ore prima della gara successiva. Oltre agli 11 nominativi possibili (10 giocatori pi\u00f9 il secondo portiere), ogni squadra potr\u00e0 aggiungere durante la prima fase e nella pausa antecedente la seconda fase, massimo 24 ore prima dei quarti di finale quindi, altri due nominativi (per un totale di 12 giocatori pi\u00f9 il secondo portiere) al costo di 10\u20ac l\u2019uno, che non possono essere scalati dalla cauzione ma vanno versati in contanti allo staff. [NOVIT\u00c0 2020]<\/li>\n<li>Il numero massimo di giocatori schierabili in una partita \u00e8 di 10. Non \u00e8 quindi possibile scendere in campo con i 10 uomini presenti in distinta pi\u00f9 il secondo portiere.<\/li>\n<li>Prima dell&#8217;inizio di ogni gara l&#8217;arbitro effettuer\u00e0 un riconoscimento (appello, in gergo) ad entrambe le squadre per verificare che i giocatori in campo siano segnati in distinta. Pertanto ogni giocatore dovr\u00e0 mostrare un documento d&#8217;identit\u00e0 con foto, senza il quale non potr\u00e0 scendere in campo e quindi giocare, a meno che la sua identit\u00e0 sia confermata da staff o arbitro.<\/li>\n<li>Ogni squadra dovr\u00e0 scendere in campo con maglie dello stesso colore (\u00e8 consigliato che siano dotate di numero per agevolare il riconoscimento). Non \u00e8 necessario avere la stessa muta di maglie, l\u2019importante \u00e8 che il colore primario sia lo stesso. Il portiere dovr\u00e0 indossare una maglia di colore diverso dal resto della squadra.<\/li>\n<li>Se una squadra rinuncia ad una gara subir\u00e0 una penale che verr\u00e0 detratta dalla cauzione. L\u2019importo della penale varia in base alle motivazioni della rinuncia e alle tempistiche di avviso, o alla sua mancanza. L\u2019importo massimo sanzionabile \u00e8 di 40 euro. Nella prima fase, in base alle motivazioni e alle modalit\u00e0, la rinuncia pu\u00f2 comportare una penalizzazione di 1 punto in classifica. [NOVIT\u00c0 2020]<\/li>\n<li>Nessun giocatore membro di una squadra pu\u00f2 giocare, anche solo una partita, in un&#8217;altra squadra.<\/li>\n<li>L&#8217;unico giocatore di una squadra che ha il diritto di parlare con l&#8217;arbitro \u00e8 il responsabile di essa, ovvero il capitano.<\/li>\n<li>Durante una partita solamente i giocatori delle squadre giocanti presenti in distinta, gli arbitri, gli organizzatori e una persona per squadra non in distinta (in veste di allenatore o dirigente) possono sostare nell&#8217;area circostante il terreno di gioco. Nessun altro pu\u00f2 entrare nell&#8217;area recintata. Chiunque si trovi nell&#8217;area recintata (giocatori e non) deve tenere un comportamento educato e rispettoso, in caso contrario verr\u00e0 allontanato da arbitri o organizzatori. Se una squadra invita una persona che non \u00e8 in distinta all&#8217;interno dell&#8217;area recintata si assume la responsabilit\u00e0 del suo comportamento. In caso la gara sia trasferita in un\u2019altra struttura causa maltempo, la squadra si assume la piena responsabilit\u00e0 del comportamento di ogni tifoso a lei riconducibile.<\/li>\n<li>Recuperi o rinvii si effettueranno solo in caso di forte maltempo, sotto decisione del direttore di gara e degli organizzatori. Salvo comunicazioni ufficiali, quindi, le squadre hanno il dovere di presentarsi regolarmente in struttura, anche in caso di condizioni climatiche avverse. Le partite sospese o rinviate verranno recuperate la prima sera disponibile in cui entrambe le squadre riposeranno, ad ogni modo lo staff cercher\u00e0 di trovare una serata che accontenti entrambe le parti. Se una gara viene interrotta dopo che i due terzi del minutaggio siano trascorsi (se sono stati quindi gi\u00e0 giocati 27 minuti, escluso l&#8217;eventuale recupero del primo tempo) l&#8217;arbitro decreter\u00e0 conclusa la gara ed il risultato maturato sar\u00e0 quello definitivo. Nel caso non siano ancora stati raggiunti i 27 minuti di gioco la gara \u00e8 da considerarsi sospesa e si riprender\u00e0 dal minuto in cui \u00e8 stata interrotta, ripartendo dal risultato raggiunto e tenendo valide eventuali sanzioni subite nella parte di gara giocata.<\/li>\n<li>\u00c8 possibile spostare le partite, sia gli orari che le giornate, solo se lo spostamento viene concordato tra capitani e\/o responsabili delle squadre e con tutte le squadre coinvolte consapevoli del cambiamento. Infine, gli organizzatori devono autorizzare il cambiamento.<\/li>\n<li>Gli oggetti smarriti rimarranno per tutta la durata del Torneo a disposizione, in modo che vengano recuperati dai legittimi proprietari. Ci\u00f2 che non \u00e8 stato richiesto entro la fine del Torneo verr\u00e0 devoluto in beneficenza.<\/li>\n<\/ul>\n<h3><strong>Prima Fase (gironi)<\/strong><\/h3>\n<ul>\n<li>I gironi regolari giocano, generalmente, durante la settimana dal Luned\u00ec al Gioved\u00ec.<\/li>\n<li>Nelle partite della prima fase sar\u00e0 possibile il pareggio al termine di una gara.<\/li>\n<li>Nei gironi regolari le gare sono di sola andata. Nel girone Cucchiaio di Legno di andata e ritorno (in base al numero di squadre iscritte tale norma pu\u00f2 subire variazioni).<\/li>\n<li>I punteggi per le partite sono i seguenti: 3 punti alla squadra vincente e 0 alla perdente. 1 un punto a entrambe in caso di parit\u00e0.<\/li>\n<li>In caso di parit\u00e0 tra due squadre al termine di tutte le partite del girone, si qualificher\u00e0 la squadra vincente nello scontro diretto. In caso di ulteriore parit\u00e0 si calcoler\u00e0 la differenza reti. In caso di ulteriore parit\u00e0 si calcoleranno i gol fatti. In caso di ulteriore parit\u00e0 si effettuer\u00e0 un sorteggio. In caso tre squadre arrivino a pari punti si calcoler\u00e0 la differenza reti totale.<\/li>\n<li>Ogni sera del Torneo verr\u00e0 selezionato un top team della giornata.<\/li>\n<\/ul>\n<h3><strong>Seconda Fase (eliminazione diretta)<\/strong><\/h3>\n<ul>\n<li>Durante la seconda fase le partite saranno ad eliminazione diretta.<\/li>\n<li>Per accedere alla seconda fase bisogna classificarsi all&#8217;interno delle prime 2 squadre classificate per girone. Le 8 squadre provenienti dai gironi regolari si sfideranno nei Quarti di Finale per la conquista del primo posto; per il Cucchiaio Di Legno si sfideranno la prima contro la quarta e la seconda contro la terza, per le semifinali (in base al numero di squadre iscritte tale norma pu\u00f2 subire variazioni).<\/li>\n<li>Le squadre che al termine dei gironi regolari si classificheranno prime, potranno incontrare solo squadre arrivate seconde in altri gironi, quindi non la seconda classificata del proprio girone e non le prime classificate di altri gironi.<\/li>\n<li>Nella seconda fase ci sar\u00e0 una classifica marcatori per assegnare il premio Miglior Marcatore. Sono esclusi i giocatori che partecipano a Semifinali e Finale per il Cucchiaio di Legno.<\/li>\n<\/ul>\n<h3><strong>Penali<\/strong><\/h3>\n<ul>\n<li>Ogni squadra ha versato una cauzione di 40 euro. Dalla cauzione verranno prelevati i soldi per le penali subite (5 euro per l&#8217;ammonizione, 10 euro per l&#8217;espulsione, massimo 40 euro per il forfait ad una gara) e a fine Torneo il rimanente verr\u00e0 restituito al responsabile di ogni squadra. Se la cauzione di una squadra dovesse essere sfruttata appieno, prima di giocare la gara successiva detta squadra dovr\u00e0 versare un supplemento di 20 euro, pena una sconfitta a tavolino per 6-0 nella prima gara in programma.<\/li>\n<li>\u00c8 facolt\u00e0 degli organizzatori allontanare un giocatore, una squadra o un tifoso per tutta la durata del torneo e di applicare una penale adeguata.<\/li>\n<li>\u00c8 facolt\u00e0 di arbitri e organizzatori sospendere una partita o concluderla in anticipo, nel caso si ritenga sia pi\u00f9 sicuro per l\u2019incolumit\u00e0 generale delle persone e della struttura. L\u2019organizzazione si riserva la possibilit\u00e0 di assegnare sanzioni e penali a tutte le persone riconducibili ad una squadra, tifoseria compresa, nel caso mantengano un comportamento oltremodo irriguardoso.<\/li>\n<\/ul>\n<!-- AddThis Advanced Settings generic via filter on the_content --><!-- AddThis Share Buttons generic via filter on the_content -->","protected":false},"excerpt":{"rendered":"<p>Il Torneo avr\u00e0 luogo da Luned\u00ec 4 Maggio a Sabato 27 Giugno. Il torneo \u00e8 composto da due parti: i gironi regolari e il cucchiaio di legno; entrambi contano posti limitati. La quota d\u2019iscrizione a squadra \u00e8 di 160\u20ac, esclusi 40\u20ac di cauzione, da consegnare al momento dell\u2019iscrizione con il Modulo Iscrizione compilato. La copertura&#8230;<!-- AddThis Advanced Settings generic via filter on wp_trim_excerpt --><!-- AddThis Share Buttons generic via filter on wp_trim_excerpt --><\/p>\n","protected":false},"author":1,"featured_media":0,"parent":0,"menu_order":0,"comment_status":"closed","ping_status":"closed","template":"","meta":{"footnotes":""},"class_list":["post-170","page","type-page","status-publish","hentry"],"_links":{"self":[{"href":"https:\/\/www.torneosanlazzaro.it\/index.php\/wp-json\/wp\/v2\/pages\/170","targetHints":{"allow":["GET"]}}],"collection":[{"href":"https:\/\/www.torneosanlazzaro.it\/index.php\/wp-json\/wp\/v2\/pages"}],"about":[{"href":"https:\/\/www.torneosanlazzaro.it\/index.php\/wp-json\/wp\/v2\/types\/page"}],"author":[{"embeddable":true,"href":"https:\/\/www.torneosanlazzaro.it\/index.php\/wp-json\/wp\/v2\/users\/1"}],"replies":[{"embeddable":true,"href":"https:\/\/www.torneosanlazzaro.it\/index.php\/wp-json\/wp\/v2\/comments?post=170"}],"version-history":[{"count":37,"href":"https:\/\/www.torneosanlazzaro.it\/index.php\/wp-json\/wp\/v2\/pages\/170\/revisions"}],"predecessor-version":[{"id":3519,"href":"https:\/\/www.torneosanlazzaro.it\/index.php\/wp-json\/wp\/v2\/pages\/170\/revisions\/3519"}],"wp:attachment":[{"href":"https:\/\/www.torneosanlazzaro.it\/index.php\/wp-json\/wp\/v2\/media?parent=170"}],"curies":[{"name":"wp","href":"https:\/\/api.w.org\/{rel}","templated":true}]}}